{"id":6,"date":"2011-09-29T13:36:25","date_gmt":"2011-09-29T11:36:25","guid":{"rendered":"http:\/\/lesplanchesanu.wordpress.com\/?page_id=5"},"modified":"2024-05-24T15:16:15","modified_gmt":"2024-05-24T13:16:15","slug":"la-troupe","status":"publish","type":"page","link":"http:\/\/planchesanu.be\/?page_id=6","title":{"rendered":"La troupe"},"content":{"rendered":"<div class=\"wp-block-image\">\n<figure class=\"alignleft size-full is-resized\"><img loading=\"lazy\" decoding=\"async\" width=\"800\" height=\"800\" src=\"http:\/\/planchesanu.be\/wp-content\/uploads\/2019\/02\/cropped-Logo-Pan-PETIT.jpg\" alt=\"\" class=\"wp-image-343\" style=\"width:146px;height:146px\" srcset=\"http:\/\/planchesanu.be\/wp-content\/uploads\/2019\/02\/cropped-Logo-Pan-PETIT.jpg 800w, http:\/\/planchesanu.be\/wp-content\/uploads\/2019\/02\/cropped-Logo-Pan-PETIT-150x150.jpg 150w, http:\/\/planchesanu.be\/wp-content\/uploads\/2019\/02\/cropped-Logo-Pan-PETIT-300x300.jpg 300w, http:\/\/planchesanu.be\/wp-content\/uploads\/2019\/02\/cropped-Logo-Pan-PETIT-768x768.jpg 768w\" sizes=\"(max-width: 800px) 100vw, 800px\" \/><\/figure><\/div>\n\n\n<p>L&rsquo;asbl \u00ab\u00a0Les Planches \u00e0 Nu\u00a0\u00bb voit le jour en 1996 sous l&rsquo;impulsion du Centre Culturel de Hannut qui souhaite cr\u00e9er une troupe de th\u00e9\u00e2tre amateur francophone dans la r\u00e9gion. En juin 1997, le premier spectacle de la troupe est pr\u00e9sent\u00e9 sous le titre g\u00e9n\u00e9rique \u00ab\u00a0Les mis\u00e8res de l&rsquo;amour\u00a0\u00bb : deux pi\u00e8ces en un acte mises en sc\u00e8ne par Serge Morciaux. L&rsquo;aventure commence !<\/p>\n\n\n\n<p>Depuis, une cinquantaine de com\u00e9diens amateurs se sont succ\u00e9d\u00e9 sous la direction de plus de dix metteurs en sc\u00e8ne (amateurs et professionnels) pour proposer au public hannutois des spectacles h\u00e9t\u00e9roclites et vari\u00e9s allant de la com\u00e9die de boulevard au cabaret loufoque.<br>\n<em>&gt;&gt;&gt; Retrouvez l&rsquo;ensemble de nos spectacles sous l&rsquo;onglet \u00ab\u00a0<a href=\"http:\/\/wp.me\/P1TnJY-d\">R\u00e9trospective<\/a>\u00ab\u00a0.<\/em><\/p>\n\n\n\n<p>Chaque ann\u00e9e, pour trois week-ends de repr\u00e9sentation, nous plantons nos quartiers \u00e0 Petit-Hallet pour y emmener le spectateur dans notre univers, parfois \u00e9tonnant, souvent d\u00e9cal\u00e9 mais toujours chaleureux.<\/p>\n\n\n\n<p>Bien s\u00fbr, durant toutes ces ann\u00e9es, la troupe a chang\u00e9 et \u00e9volu\u00e9 au rythme des b\u00e9n\u00e9voles qui la composent mais nous avons toujours la m\u00eame volont\u00e9 : concr\u00e9tiser ensemble un projet commun. Chaque saison est une exp\u00e9rience unique \u00e0 partager. Une occasion de rencontrer de nouveaux talents : com\u00e9diens, metteur en sc\u00e8ne, r\u00e9gisseurs, maquilleurs, bricoleurs, musiciens,&#8230;<\/p>\n\n\n\n<p>Une vraie aventure \u00e0 taille humaine!<\/p>\n\n\n\n<p>Si vous souhaitez nous rejoindre, n&rsquo;h\u00e9sitez pas \u00e0 pousser la porte et <a href=\"http:\/\/wp.me\/P1TnJY-r\">contactez-nous<\/a> !<\/p>\n","protected":false},"excerpt":{"rendered":"<p>L&rsquo;asbl \u00ab\u00a0Les Planches \u00e0 Nu\u00a0\u00bb voit le jour en 1996 sous l&rsquo;impulsion du Centre Culturel de Hannut qui souhaite cr\u00e9er une troupe de th\u00e9\u00e2tre amateur francophone dans la r\u00e9gion. En juin 1997, le premier spectacle de la troupe est pr\u00e9sent\u00e9 sous le titre g\u00e9n\u00e9rique \u00ab\u00a0Les mis\u00e8res de l&rsquo;amour\u00a0\u00bb : deux pi\u00e8ces en un acte mises [&hellip;]<\/p>\n","protected":false},"author":2,"featured_media":0,"parent":0,"menu_order":4,"comment_status":"closed","ping_status":"closed","template":"","meta":{"footnotes":""},"_links":{"self":[{"href":"http:\/\/planchesanu.be\/index.php?rest_route=\/wp\/v2\/pages\/6"}],"collection":[{"href":"http:\/\/planchesanu.be\/index.php?rest_route=\/wp\/v2\/pages"}],"about":[{"href":"http:\/\/planchesanu.be\/index.php?rest_route=\/wp\/v2\/types\/page"}],"author":[{"embeddable":true,"href":"http:\/\/planchesanu.be\/index.php?rest_route=\/wp\/v2\/users\/2"}],"replies":[{"embeddable":true,"href":"http:\/\/planchesanu.be\/index.php?rest_route=%2Fwp%2Fv2%2Fcomments&post=6"}],"version-history":[{"count":4,"href":"http:\/\/planchesanu.be\/index.php?rest_route=\/wp\/v2\/pages\/6\/revisions"}],"predecessor-version":[{"id":583,"href":"http:\/\/planchesanu.be\/index.php?rest_route=\/wp\/v2\/pages\/6\/revisions\/583"}],"wp:attachment":[{"href":"http:\/\/planchesanu.be\/index.php?rest_route=%2Fwp%2Fv2%2Fmedia&parent=6"}],"curies":[{"name":"wp","href":"https:\/\/api.w.org\/{rel}","templated":true}]}}