{"id":27,"date":"2012-10-24T19:50:43","date_gmt":"2012-10-24T19:50:43","guid":{"rendered":"http:\/\/lesplanchesanu.wordpress.com\/?page_id=27"},"modified":"2012-10-24T19:50:43","modified_gmt":"2012-10-24T19:50:43","slug":"contact","status":"publish","type":"page","link":"http:\/\/planchesanu.be\/?page_id=27","title":{"rendered":"Contact"},"content":{"rendered":"<p style=\"text-align:center;\">Vous vous sentez une \u00e2me de com\u00e9dien(ne), de d\u00e9corateur(trice), de r\u00e9gisseur(euse) ? Vous avez des talents en couture, bricolage, coiffure ou maquillage ? Bref, vous avez envie de rejoindre l&rsquo;\u00e9quipe des PAN ?<\/p>\n<p style=\"text-align:center;\">Qu&rsquo;attendez-vous ? La porte de la troupe vous est grande ouverte !<\/p>\n<p style=\"text-align:center;\"><strong>Infos et renseignements : <a href=\"mailto:lesplanchesanu@gmail.com\">lesplanchesanu@gmail.com<\/a><\/strong><\/p>\n<p style=\"text-align:center;\"><strong>Retrouvez-nous \u00e9galement sur facebook : <a href=\"https:\/\/www.facebook.com\/theatrehannut\" target=\"_blank\">https:\/\/www.facebook.com\/theatrehannut<\/a><\/strong><\/p>\n","protected":false},"excerpt":{"rendered":"<p>Vous vous sentez une \u00e2me de com\u00e9dien(ne), de d\u00e9corateur(trice), de r\u00e9gisseur(euse) ? Vous avez des talents en couture, bricolage, coiffure ou maquillage ? Bref, vous avez envie de rejoindre l&rsquo;\u00e9quipe des PAN ? Qu&rsquo;attendez-vous ? La porte de la troupe vous est grande ouverte ! Infos et renseignements : lesplanchesanu@gmail.com Retrouvez-nous \u00e9galement sur facebook : [&hellip;]<\/p>\n","protected":false},"author":2,"featured_media":0,"parent":0,"menu_order":2,"comment_status":"closed","ping_status":"closed","template":"","meta":{"footnotes":""},"_links":{"self":[{"href":"http:\/\/planchesanu.be\/index.php?rest_route=\/wp\/v2\/pages\/27"}],"collection":[{"href":"http:\/\/planchesanu.be\/index.php?rest_route=\/wp\/v2\/pages"}],"about":[{"href":"http:\/\/planchesanu.be\/index.php?rest_route=\/wp\/v2\/types\/page"}],"author":[{"embeddable":true,"href":"http:\/\/planchesanu.be\/index.php?rest_route=\/wp\/v2\/users\/2"}],"replies":[{"embeddable":true,"href":"http:\/\/planchesanu.be\/index.php?rest_route=%2Fwp%2Fv2%2Fcomments&post=27"}],"version-history":[{"count":1,"href":"http:\/\/planchesanu.be\/index.php?rest_route=\/wp\/v2\/pages\/27\/revisions"}],"predecessor-version":[{"id":264,"href":"http:\/\/planchesanu.be\/index.php?rest_route=\/wp\/v2\/pages\/27\/revisions\/264"}],"wp:attachment":[{"href":"http:\/\/planchesanu.be\/index.php?rest_route=%2Fwp%2Fv2%2Fmedia&parent=27"}],"curies":[{"name":"wp","href":"https:\/\/api.w.org\/{rel}","templated":true}]}}