{"id":13,"date":"2012-10-24T19:42:26","date_gmt":"2012-10-24T19:42:26","guid":{"rendered":"http:\/\/lesplanchesanu.wordpress.com\/?page_id=13"},"modified":"2026-03-25T09:28:11","modified_gmt":"2026-03-25T08:28:11","slug":"retrospective","status":"publish","type":"page","link":"http:\/\/planchesanu.be\/?page_id=13","title":{"rendered":"R\u00e9trospective"},"content":{"rendered":"\n<blockquote class=\"wp-block-quote is-layout-flow wp-block-quote-is-layout-flow\">\n<p>&gt;&gt;&gt; <em>Retrouvez les photos des spectacles en cliquant sur le titre<\/em><\/p>\n<\/blockquote>\n\n\n\n<p><strong>2026<\/strong> : \u00a0\u00bb <a href=\"https:\/\/www.facebook.com\/media\/set\/?set=a.1545541167574179&amp;type=3\" target=\"_blank\" rel=\"noreferrer noopener\"><em>Morts de rire<\/em><\/a> \u00a0\u00bb de Jean-Pierre Martinez &#8211; Mise en sc\u00e8ne de Joseph-Emmanuel Biscardi.<\/p>\n\n\n\n<p><strong>2025 <\/strong>: \u00a0\u00bb <a href=\"https:\/\/www.facebook.com\/media\/set\/?set=a.1239512088177090&amp;type=3\" data-type=\"link\" data-id=\"https:\/\/www.facebook.com\/media\/set\/?set=a.1239512088177090&amp;type=3\" target=\"_blank\" rel=\"noreferrer noopener\"><i>Le tour du monde en 80 jours<\/i><\/a> \u00a0\u00bb adapt\u00e9e du roman de Jules Verne par<strong> <\/strong>S\u00e9bastien\u00a0Azzopardi et Sacha Danino &#8211; mise en sc\u00e8ne par Janick Daniels<\/p>\n\n\n\n<p><strong>2024<\/strong> : \u00ab\u00a0<a href=\"https:\/\/www.facebook.com\/media\/set\/?set=a.965211362273832&amp;type=3\" target=\"_blank\" rel=\"noreferrer noopener\"><i>Les Crapauds Fous<\/i><\/a>\u00a0\u00bb de M\u00e9lody Mourey &#8211; mise en sc\u00e8ne par Janick Daniels <br>Prix FNCD : Challenge Fernand Darding pour le souci d\u2019originalit\u00e9, de recherche et de d\u00e9couverte et prix de la meilleure affiche<\/p>\n\n\n\n<p><strong>2023<\/strong> : \u00ab\u00a0<a rel=\"noreferrer noopener\" href=\"https:\/\/photos.app.goo.gl\/EY9ei4xLbKi4jT1e6\" data-type=\"link\" data-id=\"https:\/\/photos.app.goo.gl\/EY9ei4xLbKi4jT1e6\" target=\"_blank\"><i>Le Royaume<\/i><\/a>\u00a0\u00bb cr\u00e9ation collective orchestr\u00e9e et mise en sc\u00e8ne par Luc Jaminet<\/p>\n\n\n\n<p><strong>2022<\/strong> : \u00ab\u00a0<em><a rel=\"noopener\" href=\"https:\/\/photos.app.goo.gl\/qEBB8dmCvfozHq1D8\" target=\"_blank\">\u00c0 grands coups de po\u00eale !<\/a><\/em>\u00a0\u00bb de Vivien Lheraux &#8211; Mise en sc\u00e8ne de Dominique Renkens<\/p>\n\n\n\n<p><strong>2020<\/strong> : \u00ab\u00a0<em><a href=\"https:\/\/photos.app.goo.gl\/tNjK7yHC99iUcovZ8\" target=\"_blank\" rel=\"noopener\">Quelle Sant\u00e9<\/a><\/em>\u00a0\u00bb de Ren\u00e9 Bruneau &#8211; Mise en sc\u00e8ne de Dominique Renkens<br>\nSpectacle annul\u00e9 la veille de la 1er repr\u00e9sentation pour (Covid)<\/p>\n\n\n\n<p><strong>2019<\/strong> : \u00ab\u00a0<a href=\"https:\/\/photos.app.goo.gl\/FbVmrKRKi4vzNvCKA\" target=\"_blank\" rel=\"noopener noreferrer\"><em>Cabaret Furieux<\/em><\/a>\u00a0\u00bb de Christian Rullier : extraits de \u00ab\u00a0Sur tout ce qui bouge\u00a0\u00bb &#8211; Mise en sc\u00e8ne de Dominique Renkens<\/p>\n\n\n\n<p><strong>2018<\/strong> : \u00a0\u00bb <a href=\"https:\/\/photos.app.goo.gl\/T73TQ8cds1zJzu1e9\"><em>On a pas tous les jours 20 PAN<\/em><\/a> \u00ab\u00a0, souper-spectacle organis\u00e9 \u00e0 l&rsquo;occasion des 20 ans de la troupe<\/p>\n\n\n\n<p><strong>2017<\/strong> : \u00ab\u00a0<a href=\"https:\/\/photos.app.goo.gl\/oFC2o9oj33GXMHly1\" target=\"_blank\" rel=\"noopener noreferrer\"><em>Absurdies<\/em><\/a>\u00a0\u00bb&nbsp;textes&nbsp;de Karl Valentin, d\u2019Harold Pinter et Jean-Pierre Martinez &#8211; Mise en sc\u00e8ne Sophie Schneider<\/p>\n\n\n\n<p class=\"has-text-align-left\"><strong>2016<\/strong> : \u00ab\u00a0<a href=\"https:\/\/goo.gl\/photos\/REPtjc6csnaHtG1K9\" target=\"_blank\" rel=\"noopener noreferrer\"><em>La Bande des Pneus Crev\u00e9s<\/em><\/a>\u00a0\u00bb de et par Les Planches \u00e0 Nu &#8211; Mise en sc\u00e8ne de Sarah Cerri<\/p>\n\n\n\n<p class=\"has-text-align-left\"><strong>2015<\/strong> : <em>\u00ab\u00a0<a href=\"https:\/\/goo.gl\/photos\/dUdWHUaqyR32TLSV9\" target=\"_blank\" rel=\"noopener noreferrer\">La Baignoire<\/a>\u00ab\u00a0<\/em>&nbsp;de Sarah Cerri &#8211; Mise en sc\u00e8ne de Sarah Cerri et Joseph-Emmanuel Biscardi.<br>\nSpectacle reprogramm\u00e9 au Centre Culturel de Remicourt en octobre 2015<\/p>\n\n\n\n<p class=\"has-text-align-left\"><strong>2014<\/strong> : \u00ab\u00a0<a href=\"https:\/\/photos.app.goo.gl\/HJWQM485B3gFvkVf6\" target=\"_blank\" rel=\"noopener noreferrer\"><em>Petits meurtres entre nous<\/em><\/a>\u00a0\u00bb de Christian Dalimier, Evelyne Rambeaux, St\u00e9phane Stubb\u00e9 et Pascale Vander Zypen &#8211; Mise en sc\u00e8ne de Sophie SCHNEIDER<br>\nPrix d\u2019auteur belge et m\u00e9daille de bronze pour la meilleure r\u00e9alisation d\u2019une pi\u00e8ce d&rsquo;auteur belge<br>\nSpectacle reprogramm\u00e9 \u00e0 la biblioth\u00e8que de Mons-en-Baroeul (France) en octobre 2014<\/p>\n\n\n\n<p class=\"has-text-align-left\"><strong>2013<\/strong> : \u00ab\u00a0<a href=\"https:\/\/photos.app.goo.gl\/eUsGio841GqBgbKz6\" target=\"_blank\" rel=\"noopener noreferrer\"><em>La Dame de chez Maxim<\/em><\/a>\u00a0\u00bb de Georges Feydeau &#8211; Adaptation et mise en sc\u00e8ne de Sophie SCHNEIDER<br>\nSpectacle reprogramm\u00e9 au Centre Culturel de Remicourt en octobre 2013<\/p>\n\n\n\n<p class=\"has-text-align-left\"><strong><strong>2012<\/strong> <\/strong>: \u00ab\u00a0<a rel=\"noopener noreferrer\" href=\"https:\/\/photos.app.goo.gl\/6tT5jyfHi7DZSp6v6\" target=\"_blank\"><em>Si \u00e7a va, bravo<\/em><\/a>\u00a0\u00bb de Jean-Claude Grumberg &#8211;&nbsp;Mise en sc\u00e8ne de Serge MORCIAUX<br>Prix FNCD : Challenge Robert Berx pour la compagnie ayant pr\u00e9sent\u00e9 avec imagination, cr\u00e9ativit\u00e9 et une grande \u00e9conomie de moyen, un spectacle r\u00e9alis\u00e9 uniquement par des amateurs.<\/p>\n\n\n\n<p class=\"has-text-align-left\"><strong>2011<\/strong> : \u00ab\u00a0<a href=\"https:\/\/photos.app.goo.gl\/1nNpeQYNVczdKKVZ6\" target=\"_blank\" rel=\"noopener noreferrer\"><em>Les H\u00e9ros de mon enfance<\/em><\/a>\u00a0\u00bb de Michel Tremblay &#8211; Mise en sc\u00e8ne de Serge MORCIAUX<\/p>\n\n\n\n<p class=\"has-text-align-left\"><strong>2010<\/strong>&nbsp;: \u00ab\u00a0<em><a href=\"http:\/\/planchesanu.be\/wp-content\/uploads\/2014\/08\/affiche-venezuela.jpg\" target=\"_blank\" rel=\"noopener noreferrer\">Venezuela<\/a>\u00ab\u00a0<\/em>&nbsp;de Guy Helminger \u2013 Mise en sc\u00e8ne de Jean VANGEEBERGEN<\/p>\n\n\n\n<p class=\"has-text-align-left\"><strong>2009<\/strong>&nbsp;: \u00ab\u00a0<a href=\"https:\/\/photos.app.goo.gl\/beQ9aqgoqHrc8myk7\" target=\"_blank\" rel=\"noopener noreferrer\"><em>Vip\u00e8res sur le Gril<\/em><\/a>\u00a0\u00bb de Jean-Louis Ch\u00e2les \u2013 Mise en sc\u00e8ne de Beno\u00eet POSTIC<\/p>\n\n\n\n<p class=\"has-text-align-left\"><strong>2009<\/strong>&nbsp;: \u00ab\u00a0<a href=\"https:\/\/photos.app.goo.gl\/Rsshs9L9mLxws6bP9\" target=\"_blank\" rel=\"noopener noreferrer\"><em>Tenderfoot<\/em><\/a>\u00a0\u00bb \u00e9crit par E. Poulet et J. Vangeerbergen &#8211;&nbsp;Mise en sc\u00e8ne de Jean VANGEERBERGEN<\/p>\n\n\n\n<p class=\"has-text-align-left\"><strong>2008<\/strong> : \u00ab\u00a0<a rel=\"noopener noreferrer\" href=\"https:\/\/photos.app.goo.gl\/jfLpGbDg89mi779i9\" target=\"_blank\"><em>Que d\u2019espoir<\/em><\/a>\u00a0\u00bb de Hanock Levin &#8211; Mise en sc\u00e8ne de Val\u00e9rie LENAERTS<br>Prix Hathor de la FNCD pour la compagnie dont la cr\u00e9ation en mati\u00e8re de musique et de d\u00e9cors sonores aura \u00e9t\u00e9 jug\u00e9e d&rsquo;un r\u00e9el apport \u00e0 l&rsquo;oeuvre pr\u00e9sent\u00e9e.<\/p>\n\n\n\n<p class=\"has-text-align-left\"><strong>2008<\/strong>&nbsp;: \u00ab\u00a0<a href=\"https:\/\/photos.app.goo.gl\/VhoHjeT5u4R24yXC7\" target=\"_blank\" rel=\"noopener noreferrer\"><em>Mus\u00e9e haut, mus\u00e9e bas<\/em><\/a>\u00a0\u00bb de Jean-Michel Ribes \u2013&nbsp;Mise en sc\u00e8ne de Jean VANGEEBERGEN<br>\nPrix sp\u00e9cial du jury itin\u00e9rant de la FNCD pour la mise en sc\u00e8ne novatrice et d\u00e9jant\u00e9e.<\/p>\n\n\n\n<p class=\"has-text-align-left\"><strong>2007<\/strong>&nbsp;: \u00ab\u00a0<a href=\"https:\/\/photos.app.goo.gl\/NgBbQx24dYmbCe1A6\" target=\"_blank\" rel=\"noopener noreferrer\"><em>M\u00e9lasse<\/em><\/a>\u00a0\u00bb de FM van der Rest &#8211; Mise en sc\u00e8ne de Jean VANGEEBERGEN<br>\nPrix FNCD d\u2019auteur belge et m\u00e9daille de bronze pour la meilleure r\u00e9alisation d\u2019une pi\u00e8ce d&rsquo;auteur belge<br>\nChallenge Edouard Hebben pour la plus belle pr\u00e9sentation sc\u00e9nique au service de la&nbsp;pi\u00e8ce<br>\nChallenge Fernand Darding pour le souci d\u2019originalit\u00e9, de recherche et de d\u00e9couverte.<\/p>\n\n\n\n<p class=\"has-text-align-left\"><strong>2006<\/strong>&nbsp;: \u00ab\u00a0<a href=\"http:\/\/planchesanu.be\/wp-content\/uploads\/2014\/08\/latelier-flyer.jpg\" target=\"_blank\" rel=\"noopener noreferrer\"><em>L\u2019atelier<\/em><\/a>\u00a0\u00bb de Jean-Claude GRUMBERG &#8211; Mise en sc\u00e8ne de Serge MORCIAUX<\/p>\n\n\n\n<p class=\"has-text-align-left\"><strong>2005<\/strong>&nbsp;: \u00ab\u00a0<em>Festino<\/em>\u00a0\u00bb de Marie NEYRINCK &#8211; Ecriture et mise en sc\u00e8ne de Marie NEYRINCK<br>\nPrix sp\u00e9cial du jury itin\u00e9rant FNCD et de l\u2019ITA (meilleure r\u00e9alisation d\u2019un spectacle d\u2019\u00e9criture r\u00e9cente de moins de dix ans)<\/p>\n\n\n\n<p class=\"has-text-align-left\"><strong>2004<\/strong>&nbsp;: \u00ab\u00a0<a href=\"https:\/\/photos.app.goo.gl\/xTZQBajBeeXhdfjK8\" target=\"_blank\" rel=\"noopener noreferrer\"><em>Le Dragon<\/em><\/a>\u00ab\u00a0, de Evgu\u00e9ni Schwartz &#8211; Mise en sc\u00e8ne de Marie NEYRINCK<br>\nPrix sp\u00e9cial du jury itin\u00e9rant FNCD<\/p>\n\n\n\n<p class=\"has-text-align-left\"><strong>2003<\/strong>&nbsp;: \u00ab\u00a0<em>La femme dans tous ses \u00e9tats<\/em>\u00a0\u00bb &#8211; Cr\u00e9ation, adaptation et mise en sc\u00e8ne de&nbsp;Fran\u00e7ois CORNET<\/p>\n\n\n\n<p class=\"has-text-align-left\"><strong>2002<\/strong>&nbsp;: \u00ab\u00a0<em>La veuve convoit\u00e9e de Carlo Goldoni<\/em>\u00a0\u00bb (Adaptation de Victor HA\u00cfM) &#8211;&nbsp;Mise en sc\u00e8ne de Serge MORCIAUX<br>\nPrix FNCD : Challenge Robert Berx<\/p>\n\n\n\n<p class=\"has-text-align-left\"><strong>2001<\/strong>&nbsp;: \u00ab\u00a0<em>Histoires \u00e0 lire debout<\/em>\u00a0\u00bb de Jean-Paul ALEGRE &#8211; Mise en sc\u00e8ne de Serge MORCIAUX<\/p>\n\n\n\n<p class=\"has-text-align-left\"><strong>2000<\/strong>&nbsp;: \u00ab\u00a0<a href=\"https:\/\/photos.app.goo.gl\/RW2RmfXwyyfiMsk66\" target=\"_blank\" rel=\"noopener noreferrer\"><em>Durant avec un T<\/em><\/a><em>\u00ab\u00a0<\/em>, &nbsp;de J. VARTET &#8211; Mise en sc\u00e8ne de St\u00e9phane VINCENT<\/p>\n\n\n\n<p class=\"has-text-align-left\"><strong>1999<\/strong>&nbsp;: \u00ab\u00a0<a href=\"https:\/\/photos.app.goo.gl\/q9BBymxDRqURhKpEA\" target=\"_blank\" rel=\"noopener noreferrer\"><em>L\u2019arbre \u00e0 loques<\/em><\/a><em>\u00ab\u00a0<\/em>, de Andr\u00e9-Joseph DUBOIS &#8211; Mise en sc\u00e8ne de Christian MAQUET<\/p>\n\n\n\n<p><strong>1999<\/strong> : \u00ab\u00a0<em>Last Night\u00a0\u00bb<\/em> &#8211; Ecriture et mise en sc\u00e8ne de Laurence ADAM<br>\nEn co-production avec le \u00ab Th\u00e9\u00e2tre d\u2019Appoint \u00bb et le \u00ab Jeune Th\u00e9\u00e2tre d\u2019Appoint \u00bb de Orp<\/p>\n\n\n\n<p class=\"has-text-align-left\"><strong>1998<\/strong>&nbsp;: \u00ab\u00a0<a href=\"https:\/\/photos.app.goo.gl\/U4gw2USBp7RJmQsY6\" target=\"_blank\" rel=\"noopener noreferrer\"><em>Pas un kopek, mon vieux<\/em><\/a><em>\u00ab\u00a0<\/em>, Trois pi\u00e8ces courtes d\u2019Anton Tchekhov &#8211;&nbsp;Mise en sc\u00e8ne de Jean-Fran\u00e7ois NOVILLE<br>\nSpectacle s\u00e9lectionn\u00e9 pour participer au Festival du Barbou 1998 organis\u00e9 par la Province de Li\u00e8ge<\/p>\n\n\n\n<p class=\"has-text-align-left\"><strong>1997<\/strong><span style=\"text-align: left;\"> : \u00ab\u00a0<\/span><em><a href=\"https:\/\/photos.app.goo.gl\/XJ5sZ5HB8dsDahF78\" target=\"_blank\" rel=\"noopener noreferrer\">Les mis\u00e8res de l\u2019amour<\/a>\u00ab\u00a0<\/em><span style=\"text-align: left;\">&nbsp;&#8211; Mise en sc\u00e8ne de Serge MORCIAUX<\/span><\/p>\n\n\n<div class=\"wp-block-image\">\n<figure class=\"aligncenter is-resized\"><img loading=\"lazy\" decoding=\"async\" width=\"800\" height=\"789\" src=\"http:\/\/planchesanu.be\/wp-content\/uploads\/2018\/09\/cropped-Logo-PAN-blc.jpg\" alt=\"\" class=\"wp-image-335\" style=\"width:152px;height:150px\" srcset=\"http:\/\/planchesanu.be\/wp-content\/uploads\/2018\/09\/cropped-Logo-PAN-blc.jpg 800w, http:\/\/planchesanu.be\/wp-content\/uploads\/2018\/09\/cropped-Logo-PAN-blc-300x296.jpg 300w, http:\/\/planchesanu.be\/wp-content\/uploads\/2018\/09\/cropped-Logo-PAN-blc-768x757.jpg 768w\" sizes=\"(max-width: 800px) 100vw, 800px\" \/><\/figure><\/div>\n\n\n<p class=\"has-text-align-center\"><\/p>\n","protected":false},"excerpt":{"rendered":"<p>&gt;&gt;&gt; Retrouvez les photos des spectacles en cliquant sur le titre 2026 : \u00a0\u00bb Morts de rire \u00a0\u00bb de Jean-Pierre Martinez &#8211; Mise en sc\u00e8ne de Joseph-Emmanuel Biscardi. 2025 : \u00a0\u00bb Le tour du monde en 80 jours \u00a0\u00bb adapt\u00e9e du roman de Jules Verne par S\u00e9bastien\u00a0Azzopardi et Sacha Danino &#8211; mise en sc\u00e8ne par [&hellip;]<\/p>\n","protected":false},"author":2,"featured_media":0,"parent":0,"menu_order":2,"comment_status":"closed","ping_status":"closed","template":"","meta":{"footnotes":""},"_links":{"self":[{"href":"http:\/\/planchesanu.be\/index.php?rest_route=\/wp\/v2\/pages\/13"}],"collection":[{"href":"http:\/\/planchesanu.be\/index.php?rest_route=\/wp\/v2\/pages"}],"about":[{"href":"http:\/\/planchesanu.be\/index.php?rest_route=\/wp\/v2\/types\/page"}],"author":[{"embeddable":true,"href":"http:\/\/planchesanu.be\/index.php?rest_route=\/wp\/v2\/users\/2"}],"replies":[{"embeddable":true,"href":"http:\/\/planchesanu.be\/index.php?rest_route=%2Fwp%2Fv2%2Fcomments&post=13"}],"version-history":[{"count":37,"href":"http:\/\/planchesanu.be\/index.php?rest_route=\/wp\/v2\/pages\/13\/revisions"}],"predecessor-version":[{"id":689,"href":"http:\/\/planchesanu.be\/index.php?rest_route=\/wp\/v2\/pages\/13\/revisions\/689"}],"wp:attachment":[{"href":"http:\/\/planchesanu.be\/index.php?rest_route=%2Fwp%2Fv2%2Fmedia&parent=13"}],"curies":[{"name":"wp","href":"https:\/\/api.w.org\/{rel}","templated":true}]}}